{"id":2,"date":"2026-04-01T15:43:01","date_gmt":"2026-04-01T20:43:01","guid":{"rendered":"https:\/\/servifiadoresbogota.com\/?page_id=2"},"modified":"2026-04-20T13:07:25","modified_gmt":"2026-04-20T18:07:25","slug":"pagina-ejemplo","status":"publish","type":"page","link":"https:\/\/servifiadoresbogota.com\/?page_id=2","title":{"rendered":"Requisitos"},"content":{"rendered":"\n<div class=\"wp-block-cover alignfull has-parallax\"><div class=\"wp-block-cover__image-background wp-image-127 has-parallax\" style=\"background-position:50% 50%;background-image:url(https:\/\/servifiadoresbogota.com\/wp-content\/uploads\/2026\/04\/IURMY5BX4NEX3EEDG3YM7CWABM-1-1024x683.avif)\"><\/div><span aria-hidden=\"true\" class=\"wp-block-cover__background has-background-dim\"><\/span><div class=\"wp-block-cover__inner-container is-layout-flow wp-block-cover-is-layout-flow\">\n<p class=\"has-text-align-center has-ast-global-color-5-color has-text-color has-link-color has-x-large-font-size wp-elements-e904bbfb45225ce392a56658f1fa38c5\"><strong>Requisitos<\/strong><\/p>\n<\/div><\/div>\n\n\n\n<div class=\"wp-block-group alignfull has-background is-layout-constrained wp-container-core-group-is-layout-520232fb wp-block-group-is-layout-constrained\" style=\"background-color:#f3f4f6;padding-right:0;padding-left:0\">\n<p class=\"has-text-align-center has-medium-font-size\">Antes de iniciar cualquier tr\u00e1mite con Servifiadores Bogot\u00e1, es importante que tengas en cuenta que cada servicio cuenta con requisitos espec\u00edficos para garantizar un proceso \u00e1gil y exitoso. Si necesitas fiador con finca ra\u00edz para arriendo, est\u00e1s buscando d\u00f3nde conseguir un fiador en Bogot\u00e1 o buscas un codeudor solvente que demuestre ingresos, te recomendamos revisar detalladamente la informaci\u00f3n correspondiente y contar con la documentaci\u00f3n completa y actualizada. Esto nos permitir\u00e1 brindarte una asesor\u00eda m\u00e1s r\u00e1pida, evitar retrasos y asegurar la correcta gesti\u00f3n de tu solicitud.<\/p>\n\n\n\n<p class=\"has-text-align-center has-medium-font-size\">Como una de las empresas de fiadores en Bogot\u00e1, nuestro equipo estar\u00e1 disponible para orientarte en cada paso, resolver tus dudas y ayudarte a cumplir con los requisitos exigidos por inmobiliarias y entidades financieras, asegurando un servicio confiable, legal y sin complicaciones.<\/p>\n<\/div>\n\n\n\n<div class=\"wp-block-group alignfull is-layout-constrained wp-block-group-is-layout-constrained\">\n<h2 class=\"wp-block-heading\"><strong>Nuestros Requisitos y como funcionamos<\/strong><\/h2>\n\n\n\n<div class=\"wp-block-columns is-layout-flex wp-container-core-columns-is-layout-2cddd1b0 wp-block-columns-is-layout-flex\" style=\"padding-right:0;padding-left:0\">\n<div class=\"wp-block-column is-layout-constrained wp-container-core-column-is-layout-7d6bc5ca wp-block-column-is-layout-constrained\" style=\"flex-basis:300px\">\n<figure class=\"wp-block-image aligncenter is-resized\"><img loading=\"lazy\" decoding=\"async\" width=\"1024\" height=\"881\" src=\"https:\/\/servifiadoresbogota.com\/wp-content\/uploads\/2026\/04\/Photoroom_20260407_193822-2-1024x881.png\" alt=\"\" class=\"wp-image-208\" style=\"aspect-ratio:1.5;object-fit:cover;width:98px;height:auto\" srcset=\"https:\/\/servifiadoresbogota.com\/wp-content\/uploads\/2026\/04\/Photoroom_20260407_193822-2-1024x881.png 1024w, https:\/\/servifiadoresbogota.com\/wp-content\/uploads\/2026\/04\/Photoroom_20260407_193822-2-300x258.png 300w, https:\/\/servifiadoresbogota.com\/wp-content\/uploads\/2026\/04\/Photoroom_20260407_193822-2-768x661.png 768w, https:\/\/servifiadoresbogota.com\/wp-content\/uploads\/2026\/04\/Photoroom_20260407_193822-2.png 1116w\" sizes=\"auto, (max-width: 1024px) 100vw, 1024px\" \/><\/figure>\n\n\n\n<p class=\"has-text-align-center\"><strong>Solicitud<\/strong><br><em><strong>Solicitud en contratos de arriendo inmueble<\/strong><\/em><\/p>\n\n\n\n<figure class=\"wp-block-image aligncenter size-large is-resized\"><img loading=\"lazy\" decoding=\"async\" width=\"1024\" height=\"991\" src=\"https:\/\/servifiadoresbogota.com\/wp-content\/uploads\/2026\/04\/Photoroom_20260407_193932-3-1024x991.png\" alt=\"\" class=\"wp-image-213\" style=\"aspect-ratio:1.0333074209172994;width:86px;height:auto\" srcset=\"https:\/\/servifiadoresbogota.com\/wp-content\/uploads\/2026\/04\/Photoroom_20260407_193932-3-1024x991.png 1024w, https:\/\/servifiadoresbogota.com\/wp-content\/uploads\/2026\/04\/Photoroom_20260407_193932-3-300x290.png 300w, https:\/\/servifiadoresbogota.com\/wp-content\/uploads\/2026\/04\/Photoroom_20260407_193932-3-768x743.png 768w, https:\/\/servifiadoresbogota.com\/wp-content\/uploads\/2026\/04\/Photoroom_20260407_193932-3.png 1042w\" sizes=\"auto, (max-width: 1024px) 100vw, 1024px\" \/><\/figure>\n\n\n\n<p class=\"has-text-align-center\"><strong>Documentaci\u00f3n<\/strong><br><strong><em>Para cr\u00e9dito de consumo y estudio<\/em><\/strong><\/p>\n\n\n\n<div class=\"wp-block-columns is-layout-flex wp-container-core-columns-is-layout-28f84493 wp-block-columns-is-layout-flex\">\n<div class=\"wp-block-column is-layout-flow wp-block-column-is-layout-flow\"><\/div>\n<\/div>\n<\/div>\n\n\n\n<div class=\"wp-block-column is-layout-flow wp-block-column-is-layout-flow\" style=\"flex-basis:300px\">\n<figure class=\"wp-block-image aligncenter size-large is-resized\"><img loading=\"lazy\" decoding=\"async\" width=\"1024\" height=\"982\" src=\"https:\/\/servifiadoresbogota.com\/wp-content\/uploads\/2026\/04\/Photoroom_20260407_194204-3-1024x982.png\" alt=\"\" class=\"wp-image-214\" style=\"aspect-ratio:1.0426849136526557;width:75px;height:auto\" srcset=\"https:\/\/servifiadoresbogota.com\/wp-content\/uploads\/2026\/04\/Photoroom_20260407_194204-3-1024x982.png 1024w, https:\/\/servifiadoresbogota.com\/wp-content\/uploads\/2026\/04\/Photoroom_20260407_194204-3-300x288.png 300w, https:\/\/servifiadoresbogota.com\/wp-content\/uploads\/2026\/04\/Photoroom_20260407_194204-3-768x737.png 768w, https:\/\/servifiadoresbogota.com\/wp-content\/uploads\/2026\/04\/Photoroom_20260407_194204-3.png 1051w\" sizes=\"auto, (max-width: 1024px) 100vw, 1024px\" \/><\/figure>\n\n\n\n<p class=\"has-text-align-center\"><strong>Asignaci\u00f3n <\/strong><br><strong><em>Te asignamos un fiador\/codeudor que cumpla con los requisitos<br><\/em><\/strong><\/p>\n\n\n\n<figure class=\"wp-block-image aligncenter size-large is-resized\"><img loading=\"lazy\" decoding=\"async\" width=\"1024\" height=\"941\" src=\"https:\/\/servifiadoresbogota.com\/wp-content\/uploads\/2026\/04\/Photoroom_20260407_194003-2-1024x941.png\" alt=\"\" class=\"wp-image-217\" style=\"aspect-ratio:1.0882502975684407;width:77px;height:auto\" srcset=\"https:\/\/servifiadoresbogota.com\/wp-content\/uploads\/2026\/04\/Photoroom_20260407_194003-2-1024x941.png 1024w, https:\/\/servifiadoresbogota.com\/wp-content\/uploads\/2026\/04\/Photoroom_20260407_194003-2-300x276.png 300w, https:\/\/servifiadoresbogota.com\/wp-content\/uploads\/2026\/04\/Photoroom_20260407_194003-2-768x705.png 768w, https:\/\/servifiadoresbogota.com\/wp-content\/uploads\/2026\/04\/Photoroom_20260407_194003-2.png 1080w\" sizes=\"auto, (max-width: 1024px) 100vw, 1024px\" \/><\/figure>\n\n\n\n<p class=\"has-text-align-center\"><strong>Aprobaci\u00f3n<br><\/strong><em><strong>Tu contrato es aprobado y firmamos en notar\u00eda.<\/strong><\/em><\/p>\n<\/div>\n\n\n\n<div class=\"wp-block-column is-vertically-aligned-center is-layout-flow wp-block-column-is-layout-flow\" style=\"flex-basis:350px\">\n<div class=\"wp-block-media-text has-media-on-the-right is-stacked-on-mobile\" style=\"grid-template-columns:auto 35%\"><div class=\"wp-block-media-text__content\">\n<h2 class=\"wp-block-heading alignwide has-text-align-center\">Requisitos<\/h2>\n<\/div><figure class=\"wp-block-media-text__media\"><img loading=\"lazy\" decoding=\"async\" width=\"1024\" height=\"1024\" src=\"https:\/\/servifiadoresbogota.com\/wp-content\/uploads\/2026\/04\/Arrenda_apartamento_1080x1080-3-1024x1024.webp\" alt=\"\" class=\"wp-image-280 size-full\" srcset=\"https:\/\/servifiadoresbogota.com\/wp-content\/uploads\/2026\/04\/Arrenda_apartamento_1080x1080-3-1024x1024.webp 1024w, https:\/\/servifiadoresbogota.com\/wp-content\/uploads\/2026\/04\/Arrenda_apartamento_1080x1080-3-300x300.webp 300w, https:\/\/servifiadoresbogota.com\/wp-content\/uploads\/2026\/04\/Arrenda_apartamento_1080x1080-3-150x150.webp 150w, https:\/\/servifiadoresbogota.com\/wp-content\/uploads\/2026\/04\/Arrenda_apartamento_1080x1080-3-768x768.webp 768w, https:\/\/servifiadoresbogota.com\/wp-content\/uploads\/2026\/04\/Arrenda_apartamento_1080x1080-3.webp 1080w\" sizes=\"auto, (max-width: 1024px) 100vw, 1024px\" \/><\/figure><\/div>\n\n\n\n<div data-wp-context=\"{ &quot;autoclose&quot;: false, &quot;accordionItems&quot;: [] }\" data-wp-interactive=\"core\/accordion\" role=\"group\" class=\"wp-block-accordion is-layout-flow wp-block-accordion-is-layout-flow\">\n<div data-wp-class--is-open=\"state.isOpen\" data-wp-context=\"{ &quot;id&quot;: &quot;accordion-item-1&quot;, &quot;openByDefault&quot;: false }\" data-wp-init=\"callbacks.initAccordionItems\" data-wp-on-window--hashchange=\"callbacks.hashChange\" class=\"wp-block-accordion-item is-layout-flow wp-block-accordion-item-is-layout-flow\">\n<h3 class=\"wp-block-accordion-heading \/* ICONO + *\/ .wp-block-accordion-heading_toggle-icon { color: white !important; font-size: 18px; } ANIMACI\u00d3N .wp-block-accordion-panel animation: fadeIn 0.3s ease; @keyframes from opacity: 0; transform: translateY(-5px); to 1; translateY(0); has-white-color has-vivid-cyan-blue-to-vivid-purple-gradient-background has-text-color has-background has-link-color wp-elements-364d569fea050f44b4e38b98ad7eb732\" style=\"border-top-left-radius:56px;border-top-right-radius:56px;border-bottom-left-radius:56px;border-bottom-right-radius:56px;border-top-style:none;border-top-width:0px;border-right-style:none;border-right-width:0px;border-bottom-style:none;border-bottom-width:0px;border-left-width:1px;font-size:15px\"><button aria-expanded=\"false\" aria-controls=\"accordion-item-1-panel\" data-wp-bind--aria-expanded=\"state.isOpen\" data-wp-on--click=\"actions.toggle\" data-wp-on--keydown=\"actions.handleKeyDown\" id=\"accordion-item-1\" type=\"button\" class=\"wp-block-accordion-heading__toggle\" style=\"padding-top:1.8%;padding-right:4%;padding-bottom:var(--wp--preset--spacing--20);padding-left:1.2rem\"><span class=\"wp-block-accordion-heading__toggle-title\"><strong>FIADOR FINCA RAIZ<\/strong><\/span><span class=\"wp-block-accordion-heading__toggle-icon\" aria-hidden=\"true\">+<\/span><\/button><\/h3>\n\n\n\n<div inert aria-labelledby=\"accordion-item-1\" data-wp-bind--inert=\"!state.isOpen\" id=\"accordion-item-1-panel\" role=\"region\" class=\"wp-block-accordion-panel is-layout-flow wp-block-accordion-panel-is-layout-flow\">\n<ul class=\"wp-block-list\">\n<li>Certificado de tradici\u00f3n y libertad vigente con fecha no superior a 30 d\u00edas sin afectaci\u00f3n a patrimonio familiar, ni hipoteca, libre de cualquier gravamen.<\/li>\n<\/ul>\n\n\n\n<ul class=\"wp-block-list\">\n<li>Documento de identidad a color ampl\u00edada al 150% del Fiador asignado.<\/li>\n<\/ul>\n\n\n\n<ul class=\"wp-block-list\">\n<li>Datos personales relevantes del Fiador o Codeudor asignados.<\/li>\n<\/ul>\n<\/div>\n<\/div>\n<\/div>\n\n\n\n<div data-wp-context=\"{ &quot;autoclose&quot;: false, &quot;accordionItems&quot;: [] }\" data-wp-interactive=\"core\/accordion\" role=\"group\" class=\"wp-block-accordion is-layout-flow wp-block-accordion-is-layout-flow\">\n<div data-wp-class--is-open=\"state.isOpen\" data-wp-context=\"{ &quot;id&quot;: &quot;accordion-item-2&quot;, &quot;openByDefault&quot;: false }\" data-wp-init=\"callbacks.initAccordionItems\" data-wp-on-window--hashchange=\"callbacks.hashChange\" class=\"wp-block-accordion-item is-layout-flow wp-block-accordion-item-is-layout-flow\">\n<h3 class=\"wp-block-accordion-heading has-white-color has-vivid-cyan-blue-to-vivid-purple-gradient-background has-text-color has-background has-link-color wp-elements-1fc975aee08f08493c4b3bc386183ffe\" style=\"border-style:none;border-width:0px;border-top-left-radius:76px;border-top-right-radius:76px;border-bottom-left-radius:76px;border-bottom-right-radius:76px;font-size:15px\"><button aria-expanded=\"false\" aria-controls=\"accordion-item-2-panel\" data-wp-bind--aria-expanded=\"state.isOpen\" data-wp-on--click=\"actions.toggle\" data-wp-on--keydown=\"actions.handleKeyDown\" id=\"accordion-item-2\" type=\"button\" class=\"wp-block-accordion-heading__toggle\" style=\"padding-top:1.8%;padding-right:1rem;padding-bottom:1.8%;padding-left:1rem\"><span class=\"wp-block-accordion-heading__toggle-title\"><strong>FIADOR O CODEUDOR SOLVENTE<\/strong><\/span><span class=\"wp-block-accordion-heading__toggle-icon\" aria-hidden=\"true\">+<\/span><\/button><\/h3>\n\n\n\n<div inert aria-labelledby=\"accordion-item-2\" data-wp-bind--inert=\"!state.isOpen\" id=\"accordion-item-2-panel\" role=\"region\" class=\"wp-block-accordion-panel is-layout-flow wp-block-accordion-panel-is-layout-flow\">\n<ul class=\"wp-block-list\">\n<li>Certificado Laboral y tres \u00faltimos desprendibles de n\u00f3mina y\/o certificado de ingresos expedido por contador p\u00fablico.<\/li>\n\n\n\n<li>extractos Bancarios del \u00faltimo trimestre o movimientos si es el caso.<\/li>\n\n\n\n<li>Documento de identidad ampliado al 150%<\/li>\n\n\n\n<li>Datos del Fiador o codeudor asignado como telefono direcci\u00f3n , etc.<\/li>\n<\/ul>\n<\/div>\n<\/div>\n<\/div>\n<\/div>\n<\/div>\n<\/div>\n\n\n\n<div class=\"wp-block-group alignfull has-background is-layout-constrained wp-block-group-is-layout-constrained\" style=\"background-color:#f3f4f6\">\n<h2 class=\"wp-block-heading\">DATOS A TENER EN CUENTA<\/h2>\n\n\n\n<ul class=\"wp-block-list\">\n<li>Tipo de respaldo requerido: Identifica si te solicitan un fiador con finca ra\u00edz o un codeudor que demuestre ingresos.<\/li>\n\n\n\n<li>Canon de arrendamiento: Ten claro el valor mensual del arriendo o un aproximado.<\/li>\n\n\n\n<li>Nuestro servicio se caracteriza por ser r\u00e1pido e inmediato, permiti\u00e9ndote avanzar sin demoras en tu proceso.<\/li>\n\n\n\n<li>Los documentos de fiador o codeudor que te proporcionamos pueden ser utilizados en diferentes opciones de inmuebles hasta que encuentres el que mejor se adapte a tus necesidades. <br>El fiador o codeudor realizar\u00e1 la firma y autenticaci\u00f3n del contrato correspondiente.<\/li>\n\n\n\n<li>Durante todo el proceso contar\u00e1s con nuestro acompa\u00f1amiento, brind\u00e1ndote asesor\u00eda personalizada para lograr un resultado satisfactorio.<\/li>\n\n\n\n<li>Te garantizamos la legalidad, confiabilidad y respaldo de todos los documentos suministrados. Asimismo, el fiador o codeudor te apoyar\u00e1 en el diligenciamiento de formularios y requisitos exigidos por inmobiliarias o propietarios.<br><\/li>\n<\/ul>\n<\/div>\n\n\n\n<p><\/p>\n","protected":false},"excerpt":{"rendered":"<p>Antes de iniciar cualquier tr\u00e1mite con Servifiadores Bogot\u00e1, es importante que tengas en cuenta que cada servicio cuenta con requisitos [&hellip;]<\/p>\n","protected":false},"author":1,"featured_media":0,"parent":0,"menu_order":4,"comment_status":"closed","ping_status":"closed","template":"","meta":{"site-sidebar-layout":"default","site-content-layout":"","ast-site-content-layout":"default","site-content-style":"default","site-sidebar-style":"default","ast-global-header-display":"","ast-banner-title-visibility":"","ast-main-header-display":"","ast-hfb-above-header-display":"","ast-hfb-below-header-display":"","ast-hfb-mobile-header-display":"","site-post-title":"disabled","ast-breadcrumbs-content":"","ast-featured-img":"","footer-sml-layout":"","ast-disable-related-posts":"","theme-transparent-header-meta":"","adv-header-id-meta":"","stick-header-meta":"","header-above-stick-meta":"","header-main-stick-meta":"","header-below-stick-meta":"","astra-migrate-meta-layouts":"default","ast-page-background-enabled":"default","ast-page-background-meta":{"desktop":{"background-color":"var(--ast-global-color-5)","background-image":"","background-repeat":"repeat","background-position":"center center","background-size":"auto","background-attachment":"scroll","background-type":"","background-media":"","overlay-type":"","overlay-color":"","overlay-opacity":"","overlay-gradient":""},"tablet":{"background-color":"","background-image":"","background-repeat":"repeat","background-position":"center center","background-size":"auto","background-attachment":"scroll","background-type":"","background-media":"","overlay-type":"","overlay-color":"","overlay-opacity":"","overlay-gradient":""},"mobile":{"background-color":"","background-image":"","background-repeat":"repeat","background-position":"center center","background-size":"auto","background-attachment":"scroll","background-type":"","background-media":"","overlay-type":"","overlay-color":"","overlay-opacity":"","overlay-gradient":""}},"ast-content-background-meta":{"desktop":{"background-color":"var(--ast-global-color-4)","background-image":"","background-repeat":"repeat","background-position":"center center","background-size":"auto","background-attachment":"scroll","background-type":"","background-media":"","overlay-type":"","overlay-color":"","overlay-opacity":"","overlay-gradient":""},"tablet":{"background-color":"var(--ast-global-color-4)","background-image":"","background-repeat":"repeat","background-position":"center center","background-size":"auto","background-attachment":"scroll","background-type":"","background-media":"","overlay-type":"","overlay-color":"","overlay-opacity":"","overlay-gradient":""},"mobile":{"background-color":"var(--ast-global-color-4)","background-image":"","background-repeat":"repeat","background-position":"center center","background-size":"auto","background-attachment":"scroll","background-type":"","background-media":"","overlay-type":"","overlay-color":"","overlay-opacity":"","overlay-gradient":""}},"footnotes":""},"class_list":["post-2","page","type-page","status-publish","hentry"],"_links":{"self":[{"href":"https:\/\/servifiadoresbogota.com\/index.php?rest_route=\/wp\/v2\/pages\/2","targetHints":{"allow":["GET"]}}],"collection":[{"href":"https:\/\/servifiadoresbogota.com\/index.php?rest_route=\/wp\/v2\/pages"}],"about":[{"href":"https:\/\/servifiadoresbogota.com\/index.php?rest_route=\/wp\/v2\/types\/page"}],"author":[{"embeddable":true,"href":"https:\/\/servifiadoresbogota.com\/index.php?rest_route=\/wp\/v2\/users\/1"}],"replies":[{"embeddable":true,"href":"https:\/\/servifiadoresbogota.com\/index.php?rest_route=%2Fwp%2Fv2%2Fcomments&post=2"}],"version-history":[{"count":47,"href":"https:\/\/servifiadoresbogota.com\/index.php?rest_route=\/wp\/v2\/pages\/2\/revisions"}],"predecessor-version":[{"id":605,"href":"https:\/\/servifiadoresbogota.com\/index.php?rest_route=\/wp\/v2\/pages\/2\/revisions\/605"}],"wp:attachment":[{"href":"https:\/\/servifiadoresbogota.com\/index.php?rest_route=%2Fwp%2Fv2%2Fmedia&parent=2"}],"curies":[{"name":"wp","href":"https:\/\/api.w.org\/{rel}","templated":true}]}}