{"id":22,"date":"2026-04-01T15:53:01","date_gmt":"2026-04-01T20:53:01","guid":{"rendered":"https:\/\/servifiadoresbogota.com\/?page_id=22"},"modified":"2026-04-20T12:33:40","modified_gmt":"2026-04-20T17:33:40","slug":"nosotros","status":"publish","type":"page","link":"https:\/\/servifiadoresbogota.com\/?page_id=22","title":{"rendered":"Nosotros"},"content":{"rendered":"\n<div class=\"wp-block-cover alignfull is-light has-parallax\" style=\"min-height:356px;aspect-ratio:unset;\"><div class=\"wp-block-cover__image-background wp-image-363 size-full has-parallax\" style=\"background-position:50% 50%;background-image:url(https:\/\/servifiadoresbogota.com\/wp-content\/uploads\/2026\/04\/Diseno-sin-titulo6.webp)\"><\/div><span aria-hidden=\"true\" class=\"wp-block-cover__background has-background-dim\" style=\"background-color:#9e9591\"><\/span><div class=\"wp-block-cover__inner-container is-layout-flow wp-block-cover-is-layout-flow\">\n<p class=\"has-text-align-center has-ast-global-color-4-color has-text-color has-link-color wp-elements-14e7c12b3cbdf154a572fd834fdd7919\" style=\"font-size:81px\"><strong>Nosotros<\/strong><\/p>\n<\/div><\/div>\n\n\n\n<div class=\"wp-block-media-text alignfull is-stacked-on-mobile is-image-fill-element has-background\" style=\"background-color:#f7f9fa\"><figure class=\"wp-block-media-text__media\"><img loading=\"lazy\" decoding=\"async\" width=\"1024\" height=\"739\" src=\"https:\/\/servifiadoresbogota.com\/wp-content\/uploads\/2026\/04\/descarga-1024x739.webp\" alt=\"\" class=\"wp-image-367 size-large\" style=\"object-position:49% 20%\" srcset=\"https:\/\/servifiadoresbogota.com\/wp-content\/uploads\/2026\/04\/descarga-1024x739.webp 1024w, https:\/\/servifiadoresbogota.com\/wp-content\/uploads\/2026\/04\/descarga-300x217.webp 300w, https:\/\/servifiadoresbogota.com\/wp-content\/uploads\/2026\/04\/descarga-768x554.webp 768w, https:\/\/servifiadoresbogota.com\/wp-content\/uploads\/2026\/04\/descarga-1536x1109.webp 1536w, https:\/\/servifiadoresbogota.com\/wp-content\/uploads\/2026\/04\/descarga.webp 2000w\" sizes=\"auto, (max-width: 1024px) 100vw, 1024px\" \/><\/figure><div class=\"wp-block-media-text__content\">\n<h2 class=\"wp-block-heading has-text-align-center\">Mision<\/h2>\n\n\n\n<p class=\"has-text-align-center has-ast-global-color-6-color has-text-color has-link-color wp-elements-44c583fff1359c639ddf251f9369d7da\">En Servifiadores Bogot\u00e1 facilitamos el acceso a inmuebles en arriendo mediante un servicio especializado de fiadores y\/o codeudores, cumpliendo con los requisitos exigidos por inmobiliarias y propietarios. Brindamos soluciones efectivas a quienes no cuentan con un respaldo propio, a trav\u00e9s de un proceso \u00e1gil, seguro y confiable.<\/p>\n\n\n\n<p class=\"has-text-align-center has-ast-global-color-6-color has-text-color has-link-color wp-elements-77704da3e279cec6c8485c09004c28fe\">Nos comprometemos a ofrecer una asesor\u00eda personalizada, acompa\u00f1ando a nuestros clientes en cada etapa, garantizando un servicio legal, transparente y orientado a resultados satisfactorios.<\/p>\n<\/div><\/div>\n\n\n\n<div class=\"wp-block-media-text alignfull has-media-on-the-right is-stacked-on-mobile is-image-fill-element has-background\" style=\"background-color:#f8f9fa\"><div class=\"wp-block-media-text__content\">\n<h2 class=\"wp-block-heading has-text-align-center\">Vision<\/h2>\n\n\n\n<p class=\"has-text-align-center\">Ser l\u00edderes en la prestaci\u00f3n de servicios de fiadores y codeudores, consolid\u00e1ndonos como una empresa reconocida por la confianza y satisfacci\u00f3n de nuestros clientes. Buscamos un crecimiento constante a trav\u00e9s de la mejora continua, fortaleciendo nuestros procesos y ampliando nuestros servicios con base en la experiencia, responsabilidad e integridad de nuestro equipo de trabajo.<\/p>\n<\/div><figure class=\"wp-block-media-text__media\"><img loading=\"lazy\" decoding=\"async\" width=\"928\" height=\"876\" src=\"https:\/\/servifiadoresbogota.com\/wp-content\/uploads\/2026\/04\/Gemini_Generated_Image_8er1co8er1co8er1-1.png\" alt=\"\" class=\"wp-image-491 size-full\" style=\"object-position:45% 100%\" srcset=\"https:\/\/servifiadoresbogota.com\/wp-content\/uploads\/2026\/04\/Gemini_Generated_Image_8er1co8er1co8er1-1.png 928w, https:\/\/servifiadoresbogota.com\/wp-content\/uploads\/2026\/04\/Gemini_Generated_Image_8er1co8er1co8er1-1-300x283.png 300w, https:\/\/servifiadoresbogota.com\/wp-content\/uploads\/2026\/04\/Gemini_Generated_Image_8er1co8er1co8er1-1-768x725.png 768w\" sizes=\"auto, (max-width: 928px) 100vw, 928px\" \/><\/figure><\/div>\n\n\n\n<div class=\"wp-block-group alignfull has-ast-global-color-1-background-color has-background is-layout-constrained wp-block-group-is-layout-constrained\">\n<h1 class=\"wp-block-heading alignwide has-text-align-center has-ast-global-color-4-color has-ast-global-color-1-background-color has-text-color has-background has-link-color has-x-large-font-size wp-elements-f7c9b667448922ed716402925ff5dbd7\" style=\"padding-top:0;padding-bottom:0\">Objetivo<\/h1>\n\n\n\n<p class=\"has-text-align-center has-ast-global-color-4-color has-text-color has-link-color wp-elements-9089661a3385df4d884308ffa621942a\">Brindar soluciones integrales que permitan a nuestros clientes acceder de manera r\u00e1pida y segura a contratos de arrendamiento, mediante el respaldo de fiadores y codeudores confiables, garantizando procesos eficientes, acompa\u00f1amiento permanente y un alto nivel de satisfacci\u00f3n.<\/p>\n<\/div>\n\n\n\n<p><\/p>\n","protected":false},"excerpt":{"rendered":"<p>Mision En Servifiadores Bogot\u00e1 facilitamos el acceso a inmuebles en arriendo mediante un servicio especializado de fiadores y\/o codeudores, cumpliendo [&hellip;]<\/p>\n","protected":false},"author":1,"featured_media":0,"parent":0,"menu_order":3,"comment_status":"closed","ping_status":"closed","template":"","meta":{"site-sidebar-layout":"default","site-content-layout":"","ast-site-content-layout":"default","site-content-style":"default","site-sidebar-style":"default","ast-global-header-display":"","ast-banner-title-visibility":"","ast-main-header-display":"","ast-hfb-above-header-display":"","ast-hfb-below-header-display":"","ast-hfb-mobile-header-display":"","site-post-title":"disabled","ast-breadcrumbs-content":"","ast-featured-img":"","footer-sml-layout":"","ast-disable-related-posts":"","theme-transparent-header-meta":"","adv-header-id-meta":"","stick-header-meta":"","header-above-stick-meta":"","header-main-stick-meta":"","header-below-stick-meta":"","astra-migrate-meta-layouts":"default","ast-page-background-enabled":"default","ast-page-background-meta":{"desktop":{"background-color":"var(--ast-global-color-5)","background-image":"","background-repeat":"repeat","background-position":"center center","background-size":"auto","background-attachment":"scroll","background-type":"","background-media":"","overlay-type":"","overlay-color":"","overlay-opacity":"","overlay-gradient":""},"tablet":{"background-color":"","background-image":"","background-repeat":"repeat","background-position":"center center","background-size":"auto","background-attachment":"scroll","background-type":"","background-media":"","overlay-type":"","overlay-color":"","overlay-opacity":"","overlay-gradient":""},"mobile":{"background-color":"","background-image":"","background-repeat":"repeat","background-position":"center center","background-size":"auto","background-attachment":"scroll","background-type":"","background-media":"","overlay-type":"","overlay-color":"","overlay-opacity":"","overlay-gradient":""}},"ast-content-background-meta":{"desktop":{"background-color":"var(--ast-global-color-4)","background-image":"","background-repeat":"repeat","background-position":"center center","background-size":"auto","background-attachment":"scroll","background-type":"","background-media":"","overlay-type":"","overlay-color":"","overlay-opacity":"","overlay-gradient":""},"tablet":{"background-color":"var(--ast-global-color-4)","background-image":"","background-repeat":"repeat","background-position":"center center","background-size":"auto","background-attachment":"scroll","background-type":"","background-media":"","overlay-type":"","overlay-color":"","overlay-opacity":"","overlay-gradient":""},"mobile":{"background-color":"var(--ast-global-color-4)","background-image":"","background-repeat":"repeat","background-position":"center center","background-size":"auto","background-attachment":"scroll","background-type":"","background-media":"","overlay-type":"","overlay-color":"","overlay-opacity":"","overlay-gradient":""}},"footnotes":""},"class_list":["post-22","page","type-page","status-publish","hentry"],"_links":{"self":[{"href":"https:\/\/servifiadoresbogota.com\/index.php?rest_route=\/wp\/v2\/pages\/22","targetHints":{"allow":["GET"]}}],"collection":[{"href":"https:\/\/servifiadoresbogota.com\/index.php?rest_route=\/wp\/v2\/pages"}],"about":[{"href":"https:\/\/servifiadoresbogota.com\/index.php?rest_route=\/wp\/v2\/types\/page"}],"author":[{"embeddable":true,"href":"https:\/\/servifiadoresbogota.com\/index.php?rest_route=\/wp\/v2\/users\/1"}],"replies":[{"embeddable":true,"href":"https:\/\/servifiadoresbogota.com\/index.php?rest_route=%2Fwp%2Fv2%2Fcomments&post=22"}],"version-history":[{"count":30,"href":"https:\/\/servifiadoresbogota.com\/index.php?rest_route=\/wp\/v2\/pages\/22\/revisions"}],"predecessor-version":[{"id":592,"href":"https:\/\/servifiadoresbogota.com\/index.php?rest_route=\/wp\/v2\/pages\/22\/revisions\/592"}],"wp:attachment":[{"href":"https:\/\/servifiadoresbogota.com\/index.php?rest_route=%2Fwp%2Fv2%2Fmedia&parent=22"}],"curies":[{"name":"wp","href":"https:\/\/api.w.org\/{rel}","templated":true}]}}