{"id":6,"date":"2026-04-01T15:51:18","date_gmt":"2026-04-01T20:51:18","guid":{"rendered":"https:\/\/servifiadoresbogota.com\/?page_id=6"},"modified":"2026-04-20T15:50:02","modified_gmt":"2026-04-20T20:50:02","slug":"home","status":"publish","type":"page","link":"https:\/\/servifiadoresbogota.com\/","title":{"rendered":"inicio"},"content":{"rendered":"\n<div style=\"height:75px\" aria-hidden=\"true\" class=\"wp-block-spacer\"><\/div>\n\n\n\n<div class=\"wp-block-cover alignfull has-parallax @media (max-width: 768px){ font-size: var(--wp--preset--font-size--medium) !important; } wp-duotone-unset-1\" style=\"margin-top:0;margin-bottom:0;padding-top:var(--wp--preset--spacing--80);padding-right:var(--wp--preset--spacing--80);padding-bottom:var(--wp--preset--spacing--80);padding-left:var(--wp--preset--spacing--80);min-height:448px;aspect-ratio:unset;\"><div class=\"wp-block-cover__image-background wp-image-43 size-large has-parallax\" style=\"background-position:43% 28%;background-image:url(https:\/\/servifiadoresbogota.com\/wp-content\/uploads\/2026\/04\/oficinas-bogota-min-scaled-1-1024x682.webp)\"><\/div><span aria-hidden=\"true\" class=\"wp-block-cover__background has-background-dim-40 has-background-dim wp-block-cover__gradient-background has-background-gradient\" style=\"background:linear-gradient(90deg,rgb(238,238,238) 0%,rgb(255,255,255) 0%,rgb(190,200,203) 100%)\"><\/span><div class=\"wp-block-cover__inner-container is-layout-constrained wp-container-core-cover-is-layout-c1a3751c wp-block-cover-is-layout-constrained\">\n<div class=\"wp-block-group is-vertical is-layout-flex wp-container-core-group-is-layout-fe9cc265 wp-block-group-is-layout-flex\">\n<h1 class=\"wp-block-heading has-text-align-center @media (max-width: 768px){ .has-large-font-size: { font-size: var(--wp--preset--font-size--medium) !important; }} has-ast-global-color-3-color has-text-color has-link-color has-large-font-size wp-elements-7f2769be02ec026f8a3de528f088483e\">Somos tu mejor aliado en FIADORES y CODEUDORES finca ra\u00edz y solventes para arrendamiento y cr\u00e9ditos.<br><strong>Servicio 100% legal, seguro y verificable.<br><\/strong>\ud83d\udc49 <em>Confianza y respaldo en cada proceso.<\/em><\/h1>\n<\/div>\n<\/div><\/div>\n\n\n\n<div class=\"wp-block-group alignfull has-background is-layout-constrained wp-block-group-is-layout-constrained\" style=\"background-color:#f3f4f6;margin-top:0;margin-bottom:0;padding-top:0;padding-bottom:0px\">\n<div style=\"height:18px\" aria-hidden=\"true\" class=\"wp-block-spacer\"><\/div>\n\n\n\n<p class=\"has-text-align-center\">En Servifiadores Bogot\u00e1, somos especialistas en la prestaci\u00f3n de servicios de fiadores y codeudores para arrendamiento en Bogot\u00e1, ayudando a personas a obtener la aprobaci\u00f3n de su contrato de arriendo de manera r\u00e1pida, legal y segura. Ofrecemos fiadores con finca ra\u00edz y codeudores solventes, cumpliendo con todos los requisitos exigidos por inmobiliarias, propietarios y aseguradoras para facilitar el proceso de arrendamiento.<\/p>\n\n\n\n<h2 class=\"wp-block-heading has-text-align-center has-large-font-size\"><strong>Nuestros Servicios<\/strong><\/h2>\n\n\n\n<div class=\"wp-block-columns are-vertically-aligned-top is-layout-flex wp-container-core-columns-is-layout-00723822 wp-block-columns-is-layout-flex\">\n<div class=\"wp-block-column is-vertically-aligned-top is-layout-flow wp-container-core-column-is-layout-6b73ce23 wp-block-column-is-layout-flow\">\n<figure class=\"wp-block-image aligncenter size-large is-resized foto-zoom\"><img loading=\"lazy\" decoding=\"async\" width=\"1024\" height=\"486\" src=\"https:\/\/servifiadoresbogota.com\/wp-content\/uploads\/2026\/04\/Photoroom_20260406_154718-1024x486.png\" alt=\"\" class=\"wp-image-72\" style=\"aspect-ratio:1.5;object-fit:cover;width:201px;height:auto\" srcset=\"https:\/\/servifiadoresbogota.com\/wp-content\/uploads\/2026\/04\/Photoroom_20260406_154718-1024x486.png 1024w, https:\/\/servifiadoresbogota.com\/wp-content\/uploads\/2026\/04\/Photoroom_20260406_154718-300x142.png 300w, https:\/\/servifiadoresbogota.com\/wp-content\/uploads\/2026\/04\/Photoroom_20260406_154718-768x365.png 768w, https:\/\/servifiadoresbogota.com\/wp-content\/uploads\/2026\/04\/Photoroom_20260406_154718.png 1483w\" sizes=\"auto, (max-width: 1024px) 100vw, 1024px\" \/><\/figure>\n\n\n\n<h3 class=\"wp-block-heading has-text-align-center\" style=\"margin-top:16px\">Fiadores Finca Raiz<\/h3>\n\n\n\n<p class=\"has-text-align-center\">Fiadores y codeudores Con finca ra\u00edz y solventes para tramitar contratos de arrendamiento de inmuebles.<\/p>\n<\/div>\n\n\n\n<div class=\"wp-block-column is-vertically-aligned-top is-layout-flow wp-container-core-column-is-layout-6b73ce23 wp-block-column-is-layout-flow\">\n<figure class=\"wp-block-image aligncenter size-large is-resized foto-zoom\"><img loading=\"lazy\" decoding=\"async\" width=\"1024\" height=\"922\" src=\"https:\/\/servifiadoresbogota.com\/wp-content\/uploads\/2026\/04\/Photoroom_20260406_154159-1024x922.png\" alt=\"\" class=\"wp-image-71\" style=\"aspect-ratio:1.110682607018897;width:150px;height:auto\" srcset=\"https:\/\/servifiadoresbogota.com\/wp-content\/uploads\/2026\/04\/Photoroom_20260406_154159-1024x922.png 1024w, https:\/\/servifiadoresbogota.com\/wp-content\/uploads\/2026\/04\/Photoroom_20260406_154159-300x270.png 300w, https:\/\/servifiadoresbogota.com\/wp-content\/uploads\/2026\/04\/Photoroom_20260406_154159-768x691.png 768w, https:\/\/servifiadoresbogota.com\/wp-content\/uploads\/2026\/04\/Photoroom_20260406_154159.png 1084w\" sizes=\"auto, (max-width: 1024px) 100vw, 1024px\" \/><\/figure>\n\n\n\n<h3 class=\"wp-block-heading has-text-align-center\" style=\"margin-top:16px\">Fiadores Cr\u00e9dito de Consumo<\/h3>\n\n\n\n<p class=\"has-text-align-center\">Fiadores y codeudores para cr\u00e9ditos de Consumo y de estudio<\/p>\n<\/div>\n\n\n\n<div class=\"wp-block-column is-vertically-aligned-top is-layout-flow wp-container-core-column-is-layout-6b73ce23 wp-block-column-is-layout-flow\">\n<figure class=\"wp-block-image aligncenter size-large is-resized foto-zoom\"><img loading=\"lazy\" decoding=\"async\" width=\"1024\" height=\"806\" src=\"https:\/\/servifiadoresbogota.com\/wp-content\/uploads\/2026\/04\/Photoroom_20260406_154259-1024x806.png\" alt=\"\" class=\"wp-image-73\" style=\"aspect-ratio:1.270494816557606;width:179px;height:auto\" srcset=\"https:\/\/servifiadoresbogota.com\/wp-content\/uploads\/2026\/04\/Photoroom_20260406_154259-1024x806.png 1024w, https:\/\/servifiadoresbogota.com\/wp-content\/uploads\/2026\/04\/Photoroom_20260406_154259-300x236.png 300w, https:\/\/servifiadoresbogota.com\/wp-content\/uploads\/2026\/04\/Photoroom_20260406_154259-768x605.png 768w, https:\/\/servifiadoresbogota.com\/wp-content\/uploads\/2026\/04\/Photoroom_20260406_154259.png 1158w\" sizes=\"auto, (max-width: 1024px) 100vw, 1024px\" \/><\/figure>\n\n\n\n<h3 class=\"wp-block-heading has-text-align-center\" style=\"margin-top:16px\">Asesor\u00edas Jur\u00eddicas<\/h3>\n\n\n\n<p class=\"has-text-align-center\">Asesor\u00edas Juridicas enfocadas en temas Civiles y Comerciales.<\/p>\n<\/div>\n\n\n\n<div class=\"wp-block-column is-vertically-aligned-top is-layout-flow wp-container-core-column-is-layout-6b73ce23 wp-block-column-is-layout-flow\">\n<figure class=\"wp-block-image aligncenter size-large is-resized foto-zoom\"><img loading=\"lazy\" decoding=\"async\" width=\"1024\" height=\"845\" src=\"https:\/\/servifiadoresbogota.com\/wp-content\/uploads\/2026\/04\/Photoroom_20260406_154236-1024x845.png\" alt=\"\" class=\"wp-image-74\" style=\"aspect-ratio:1.211866189774879;width:171px;height:auto\" srcset=\"https:\/\/servifiadoresbogota.com\/wp-content\/uploads\/2026\/04\/Photoroom_20260406_154236-1024x845.png 1024w, https:\/\/servifiadoresbogota.com\/wp-content\/uploads\/2026\/04\/Photoroom_20260406_154236-300x247.png 300w, https:\/\/servifiadoresbogota.com\/wp-content\/uploads\/2026\/04\/Photoroom_20260406_154236-768x633.png 768w, https:\/\/servifiadoresbogota.com\/wp-content\/uploads\/2026\/04\/Photoroom_20260406_154236.png 1136w\" sizes=\"auto, (max-width: 1024px) 100vw, 1024px\" \/><\/figure>\n\n\n\n<h3 class=\"wp-block-heading has-text-align-center\" style=\"margin-top:16px\">Aval\u00faos<\/h3>\n\n\n\n<p class=\"has-text-align-center\">Aval\u00faos en Bogot\u00e1 y municipios Aleda\u00f1os.<\/p>\n<\/div>\n<\/div>\n\n\n\n<div class=\"wp-block-buttons alignfull is-horizontal is-content-justification-center is-layout-flex wp-container-core-buttons-is-layout-63484685 wp-block-buttons-is-layout-flex\" style=\"margin-top:0;margin-bottom:0;padding-top:var(--wp--preset--spacing--30);padding-bottom:var(--wp--preset--spacing--30)\">\n<div class=\"wp-block-button is-style-outline foto-zoom is-style-outline--2\"><a class=\"wp-block-button__link has-ast-global-color-4-color has-ast-global-color-1-background-color has-text-color has-background has-link-color wp-element-button\" href=\"https:\/\/servifiadoresbogota.com\/?page_id=76\"><strong>Ver mas servicios<\/strong><\/a><\/div>\n<\/div>\n<\/div>\n\n\n\n<div class=\"wp-block-group alignfull has-background is-layout-constrained wp-container-core-group-is-layout-74e3eadd wp-block-group-is-layout-constrained\" id=\"services\" style=\"background-color:#f3f4f6;margin-top:0;margin-bottom:0;padding-top:29px;padding-bottom:0px\">\n<h2 class=\"wp-block-heading has-text-align-center has-large-font-size\"><strong>Nosotros<\/strong><\/h2>\n\n\n\n<p class=\"has-text-align-center\">Ofrecemos fiadores y codeudores en Bogot\u00e1 para arrendamientos, con respaldo legal, asesor\u00eda personalizada y procesos r\u00e1pidos y seguros.<\/p>\n\n\n\n<div class=\"wp-block-media-text alignwide is-stacked-on-mobile image-left\" style=\"grid-template-columns:49% auto\"><figure class=\"wp-block-media-text__media\"><img loading=\"lazy\" decoding=\"async\" width=\"1024\" height=\"386\" src=\"https:\/\/servifiadoresbogota.com\/wp-content\/uploads\/2026\/04\/Gemini_Generated_Image_r6uslar6uslar6us-1024x386.png\" alt=\"lo-que-debes-saber\" class=\"wp-image-173 size-full\" srcset=\"https:\/\/servifiadoresbogota.com\/wp-content\/uploads\/2026\/04\/Gemini_Generated_Image_r6uslar6uslar6us-1024x386.png 1024w, https:\/\/servifiadoresbogota.com\/wp-content\/uploads\/2026\/04\/Gemini_Generated_Image_r6uslar6uslar6us-300x113.png 300w, https:\/\/servifiadoresbogota.com\/wp-content\/uploads\/2026\/04\/Gemini_Generated_Image_r6uslar6uslar6us-768x289.png 768w, https:\/\/servifiadoresbogota.com\/wp-content\/uploads\/2026\/04\/Gemini_Generated_Image_r6uslar6uslar6us-1536x578.png 1536w, https:\/\/servifiadoresbogota.com\/wp-content\/uploads\/2026\/04\/Gemini_Generated_Image_r6uslar6uslar6us.png 1657w\" sizes=\"auto, (max-width: 1024px) 100vw, 1024px\" \/><\/figure><div class=\"wp-block-media-text__content\">\n<h2 class=\"wp-block-heading has-text-align-center\" style=\"font-size:30px\"><strong>Lo que debes saber<\/strong><\/h2>\n\n\n\n<p class=\"has-text-align-center\">Antes de solicitar un fiador o codeudor para arrendamiento en Bogot\u00e1, es importante conocer algunos aspectos clave del proceso. Aqu\u00ed encontrar\u00e1s informaci\u00f3n esencial sobre los tipos de fiadores, requisitos, documentaci\u00f3n y contratos, para que puedas completar tu solicitud de arrendamiento de forma r\u00e1pida, segura y con respaldo legal.<\/p>\n\n\n\n<div class=\"wp-block-group is-layout-constrained wp-block-group-is-layout-constrained\">\n<div class=\"wp-block-columns are-vertically-aligned-center is-layout-flex wp-container-core-columns-is-layout-28f84493 wp-block-columns-is-layout-flex\">\n<div class=\"wp-block-column is-vertically-aligned-center is-layout-flow wp-block-column-is-layout-flow\" style=\"flex-basis:60%\">\n<div class=\"wp-block-media-text is-stacked-on-mobile foto-zoom\" style=\"grid-template-columns:30% auto\"><figure class=\"wp-block-media-text__media\"><img loading=\"lazy\" decoding=\"async\" width=\"1024\" height=\"881\" src=\"https:\/\/servifiadoresbogota.com\/wp-content\/uploads\/2026\/04\/Photoroom_20260407_193822-1024x881.png\" alt=\"\" class=\"wp-image-191 size-full\" srcset=\"https:\/\/servifiadoresbogota.com\/wp-content\/uploads\/2026\/04\/Photoroom_20260407_193822-1024x881.png 1024w, https:\/\/servifiadoresbogota.com\/wp-content\/uploads\/2026\/04\/Photoroom_20260407_193822-300x258.png 300w, https:\/\/servifiadoresbogota.com\/wp-content\/uploads\/2026\/04\/Photoroom_20260407_193822-768x661.png 768w, https:\/\/servifiadoresbogota.com\/wp-content\/uploads\/2026\/04\/Photoroom_20260407_193822.png 1116w\" sizes=\"auto, (max-width: 1024px) 100vw, 1024px\" \/><\/figure><div class=\"wp-block-media-text__content\">\n<p class=\"has-medium-font-size\"><strong>Tipo de Fiador<\/strong><\/p>\n<\/div><\/div>\n\n\n\n<div class=\"wp-block-media-text is-stacked-on-mobile foto-zoom\" style=\"grid-template-columns:30% auto\"><figure class=\"wp-block-media-text__media\"><img loading=\"lazy\" decoding=\"async\" width=\"1024\" height=\"948\" src=\"https:\/\/servifiadoresbogota.com\/wp-content\/uploads\/2026\/04\/Photoroom_20260407_193903-1-1024x948.png\" alt=\"\" class=\"wp-image-185 size-full\" srcset=\"https:\/\/servifiadoresbogota.com\/wp-content\/uploads\/2026\/04\/Photoroom_20260407_193903-1-1024x948.png 1024w, https:\/\/servifiadoresbogota.com\/wp-content\/uploads\/2026\/04\/Photoroom_20260407_193903-1-300x278.png 300w, https:\/\/servifiadoresbogota.com\/wp-content\/uploads\/2026\/04\/Photoroom_20260407_193903-1-768x711.png 768w, https:\/\/servifiadoresbogota.com\/wp-content\/uploads\/2026\/04\/Photoroom_20260407_193903-1.png 1071w\" sizes=\"auto, (max-width: 1024px) 100vw, 1024px\" \/><\/figure><div class=\"wp-block-media-text__content\">\n<p class=\"has-medium-font-size\"><strong>Canon<\/strong><\/p>\n<\/div><\/div>\n\n\n\n<div class=\"wp-block-media-text is-stacked-on-mobile foto-zoom\" style=\"grid-template-columns:30% auto\"><figure class=\"wp-block-media-text__media\"><img loading=\"lazy\" decoding=\"async\" width=\"1024\" height=\"991\" src=\"https:\/\/servifiadoresbogota.com\/wp-content\/uploads\/2026\/04\/Photoroom_20260407_193932-1-1024x991.png\" alt=\"\" class=\"wp-image-193 size-full\" srcset=\"https:\/\/servifiadoresbogota.com\/wp-content\/uploads\/2026\/04\/Photoroom_20260407_193932-1-1024x991.png 1024w, https:\/\/servifiadoresbogota.com\/wp-content\/uploads\/2026\/04\/Photoroom_20260407_193932-1-300x290.png 300w, https:\/\/servifiadoresbogota.com\/wp-content\/uploads\/2026\/04\/Photoroom_20260407_193932-1-768x743.png 768w, https:\/\/servifiadoresbogota.com\/wp-content\/uploads\/2026\/04\/Photoroom_20260407_193932-1.png 1042w\" sizes=\"auto, (max-width: 1024px) 100vw, 1024px\" \/><\/figure><div class=\"wp-block-media-text__content\">\n<p class=\"has-medium-font-size\"><strong>Documentaci\u00f3n<\/strong><\/p>\n<\/div><\/div>\n\n\n\n<div class=\"wp-block-group is-layout-constrained wp-block-group-is-layout-constrained\">\n<div class=\"wp-block-media-text is-stacked-on-mobile foto-zoom\" style=\"grid-template-columns:30% auto\"><figure class=\"wp-block-media-text__media\"><img loading=\"lazy\" decoding=\"async\" width=\"1024\" height=\"941\" src=\"https:\/\/servifiadoresbogota.com\/wp-content\/uploads\/2026\/04\/Photoroom_20260407_194003-1024x941.png\" alt=\"\" class=\"wp-image-189 size-full\" srcset=\"https:\/\/servifiadoresbogota.com\/wp-content\/uploads\/2026\/04\/Photoroom_20260407_194003-1024x941.png 1024w, https:\/\/servifiadoresbogota.com\/wp-content\/uploads\/2026\/04\/Photoroom_20260407_194003-300x276.png 300w, https:\/\/servifiadoresbogota.com\/wp-content\/uploads\/2026\/04\/Photoroom_20260407_194003-768x705.png 768w, https:\/\/servifiadoresbogota.com\/wp-content\/uploads\/2026\/04\/Photoroom_20260407_194003.png 1080w\" sizes=\"auto, (max-width: 1024px) 100vw, 1024px\" \/><\/figure><div class=\"wp-block-media-text__content\">\n<p class=\"has-medium-font-size\"><strong>Asesoria<\/strong><\/p>\n<\/div><\/div>\n<\/div>\n<\/div>\n\n\n\n<div class=\"wp-block-column is-vertically-aligned-center is-layout-flow wp-block-column-is-layout-flow\" style=\"flex-basis:40%\">\n<div class=\"wp-block-group is-layout-constrained wp-block-group-is-layout-constrained\">\n<div class=\"wp-block-media-text is-stacked-on-mobile foto-zoom\" style=\"grid-template-columns:43% auto\"><figure class=\"wp-block-media-text__media\"><img loading=\"lazy\" decoding=\"async\" width=\"1024\" height=\"1013\" src=\"https:\/\/servifiadoresbogota.com\/wp-content\/uploads\/2026\/04\/Photoroom_20260407_194048-1024x1013.png\" alt=\"\" class=\"wp-image-186 size-full\" srcset=\"https:\/\/servifiadoresbogota.com\/wp-content\/uploads\/2026\/04\/Photoroom_20260407_194048-1024x1013.png 1024w, https:\/\/servifiadoresbogota.com\/wp-content\/uploads\/2026\/04\/Photoroom_20260407_194048-300x297.png 300w, https:\/\/servifiadoresbogota.com\/wp-content\/uploads\/2026\/04\/Photoroom_20260407_194048-768x760.png 768w, https:\/\/servifiadoresbogota.com\/wp-content\/uploads\/2026\/04\/Photoroom_20260407_194048.png 1035w\" sizes=\"auto, (max-width: 1024px) 100vw, 1024px\" \/><\/figure><div class=\"wp-block-media-text__content\">\n<p class=\"has-medium-font-size\"><strong>Contratos<\/strong><\/p>\n<\/div><\/div>\n<\/div>\n\n\n\n<div class=\"wp-block-group is-layout-constrained wp-block-group-is-layout-constrained\">\n<div class=\"wp-block-media-text is-stacked-on-mobile foto-zoom\" style=\"grid-template-columns:43% auto\"><figure class=\"wp-block-media-text__media\"><img loading=\"lazy\" decoding=\"async\" width=\"983\" height=\"1024\" src=\"https:\/\/servifiadoresbogota.com\/wp-content\/uploads\/2026\/04\/Photoroom_20260407_194311-983x1024.png\" alt=\"\" class=\"wp-image-190 size-full\" srcset=\"https:\/\/servifiadoresbogota.com\/wp-content\/uploads\/2026\/04\/Photoroom_20260407_194311-983x1024.png 983w, https:\/\/servifiadoresbogota.com\/wp-content\/uploads\/2026\/04\/Photoroom_20260407_194311-288x300.png 288w, https:\/\/servifiadoresbogota.com\/wp-content\/uploads\/2026\/04\/Photoroom_20260407_194311-768x800.png 768w, https:\/\/servifiadoresbogota.com\/wp-content\/uploads\/2026\/04\/Photoroom_20260407_194311.png 1008w\" sizes=\"auto, (max-width: 983px) 100vw, 983px\" \/><\/figure><div class=\"wp-block-media-text__content\">\n<p class=\"has-medium-font-size\"><strong>Requisitos<\/strong><\/p>\n<\/div><\/div>\n<\/div>\n\n\n\n<div class=\"wp-block-group is-layout-constrained wp-block-group-is-layout-constrained\">\n<div class=\"wp-block-media-text is-stacked-on-mobile foto-zoom\" style=\"grid-template-columns:34% auto\"><figure class=\"wp-block-media-text__media\"><img loading=\"lazy\" decoding=\"async\" width=\"981\" height=\"1024\" src=\"https:\/\/servifiadoresbogota.com\/wp-content\/uploads\/2026\/04\/Photoroom_20260407_194349-981x1024.png\" alt=\"\" class=\"wp-image-175 size-full\" srcset=\"https:\/\/servifiadoresbogota.com\/wp-content\/uploads\/2026\/04\/Photoroom_20260407_194349-981x1024.png 981w, https:\/\/servifiadoresbogota.com\/wp-content\/uploads\/2026\/04\/Photoroom_20260407_194349-287x300.png 287w, https:\/\/servifiadoresbogota.com\/wp-content\/uploads\/2026\/04\/Photoroom_20260407_194349-768x802.png 768w, https:\/\/servifiadoresbogota.com\/wp-content\/uploads\/2026\/04\/Photoroom_20260407_194349.png 1008w\" sizes=\"auto, (max-width: 981px) 100vw, 981px\" \/><\/figure><div class=\"wp-block-media-text__content\">\n<p class=\"has-medium-font-size\"><strong>Conciliaci\u00f3n<\/strong><\/p>\n<\/div><\/div>\n<\/div>\n<\/div>\n<\/div>\n<\/div>\n<\/div><\/div>\n\n\n\n<p class=\"has-text-align-center\">Nuestro objetivo es ayudarte a conseguir un fiador confiable y legal para arrendar en Bogot\u00e1 de forma r\u00e1pida y segura.<\/p>\n\n\n\n<h2 class=\"wp-block-heading has-text-align-center has-large-font-size\"><strong>Contacto<\/strong><\/h2>\n\n\n\n<div class=\"wp-block-columns is-layout-flex wp-container-core-columns-is-layout-28f84493 wp-block-columns-is-layout-flex\">\n<div class=\"wp-block-column is-layout-flow wp-block-column-is-layout-flow\">\n<h3>Datos de Contacto<\/h3>\n\n<p>\ud83d\udccd calle 63 #9A &#8211; 83 local Bogot\u00e1, Colombia<\/p>\n<p>\ud83d\udcde +57 3133983436<\/p>\n<p>\u2709\ufe0f Servifiadoresbogota@gmail.com<\/p>\n\n\n\n<div class=\"wp-block-buttons foto-zoom is-content-justification-left is-layout-flex wp-container-core-buttons-is-layout-fc4fd283 wp-block-buttons-is-layout-flex\">\n<div class=\"wp-block-button foto-zoom\"><a class=\"wp-block-button__link has-ast-global-color-1-background-color has-background wp-element-button\" href=\"https:\/\/wa.me\/+573133983436\"><strong>Cont\u00e1ctanos<\/strong><\/a><\/div>\n<\/div>\n<\/div>\n\n\n\n<div class=\"wp-block-column is-layout-flow wp-block-column-is-layout-flow\">\n<iframe \n  src=\"https:\/\/www.google.com\/maps\/embed?pb=!1m18!1m12!1m3!1d3976.70002798906!2d-74.064742495096!3d4.647493480550682!2m3!1f0!2f0!3f0!3m2!1i1024!2i768!4f13.1!3m3!1m2!1s0x8e3f9a47aa64227f%3A0x2b6566753623e082!2sServifiadores%bogota!5e0!3m2!1ses!2sco!4v1775839569332!5m2!1ses!2sco\" \n  width=\"100%\" \n  height=\"300\" \n  style=\"border:0; border-radius:10px;\" \n  allowfullscreen=\"\" \n  loading=\"lazy\">\n<\/iframe>\n<\/div>\n<\/div>\n\n\n\n<div class=\"wp-block-columns is-layout-flex wp-container-core-columns-is-layout-60cbf9bb wp-block-columns-is-layout-flex\" style=\"margin-top:50px\">\n\n\n\n\n<div class=\"wp-block-column is-layout-flow wp-container-core-column-is-layout-6b73ce23 wp-block-column-is-layout-flow\">\n\n<\/div>\n<\/div>\n<\/div>\n\n\n\n\n\n\n\n\n\n\n\n<p><\/p>\n","protected":false},"excerpt":{"rendered":"<p>En Servifiadores Bogot\u00e1, somos especialistas en la prestaci\u00f3n de servicios de fiadores y codeudores para arrendamiento en Bogot\u00e1, ayudando a [&hellip;]<\/p>\n","protected":false},"author":1,"featured_media":0,"parent":0,"menu_order":1,"comment_status":"closed","ping_status":"closed","template":"","meta":{"site-sidebar-layout":"no-sidebar","site-content-layout":"plain-container","ast-site-content-layout":"default","site-content-style":"default","site-sidebar-style":"default","ast-global-header-display":"","ast-banner-title-visibility":"","ast-main-header-display":"","ast-hfb-above-header-display":"","ast-hfb-below-header-display":"","ast-hfb-mobile-header-display":"","site-post-title":"disabled","ast-breadcrumbs-content":"","ast-featured-img":"","footer-sml-layout":"","ast-disable-related-posts":"","theme-transparent-header-meta":"enabled","adv-header-id-meta":"","stick-header-meta":"","header-above-stick-meta":"","header-main-stick-meta":"","header-below-stick-meta":"","astra-migrate-meta-layouts":"default","ast-page-background-enabled":"default","ast-page-background-meta":{"desktop":{"background-color":"var(--ast-global-color-5)","background-image":"","background-repeat":"repeat","background-position":"center center","background-size":"auto","background-attachment":"scroll","background-type":"","background-media":"","overlay-type":"","overlay-color":"","overlay-opacity":"","overlay-gradient":""},"tablet":{"background-color":"","background-image":"","background-repeat":"repeat","background-position":"center center","background-size":"auto","background-attachment":"scroll","background-type":"","background-media":"","overlay-type":"","overlay-color":"","overlay-opacity":"","overlay-gradient":""},"mobile":{"background-color":"","background-image":"","background-repeat":"repeat","background-position":"center center","background-size":"auto","background-attachment":"scroll","background-type":"","background-media":"","overlay-type":"","overlay-color":"","overlay-opacity":"","overlay-gradient":""}},"ast-content-background-meta":{"desktop":{"background-color":"var(--ast-global-color-4)","background-image":"","background-repeat":"repeat","background-position":"center center","background-size":"auto","background-attachment":"scroll","background-type":"","background-media":"","overlay-type":"","overlay-color":"","overlay-opacity":"","overlay-gradient":""},"tablet":{"background-color":"var(--ast-global-color-4)","background-image":"","background-repeat":"repeat","background-position":"center center","background-size":"auto","background-attachment":"scroll","background-type":"","background-media":"","overlay-type":"","overlay-color":"","overlay-opacity":"","overlay-gradient":""},"mobile":{"background-color":"var(--ast-global-color-4)","background-image":"","background-repeat":"repeat","background-position":"center center","background-size":"auto","background-attachment":"scroll","background-type":"","background-media":"","overlay-type":"","overlay-color":"","overlay-opacity":"","overlay-gradient":""}},"footnotes":""},"class_list":["post-6","page","type-page","status-publish","hentry"],"_links":{"self":[{"href":"https:\/\/servifiadoresbogota.com\/index.php?rest_route=\/wp\/v2\/pages\/6","targetHints":{"allow":["GET"]}}],"collection":[{"href":"https:\/\/servifiadoresbogota.com\/index.php?rest_route=\/wp\/v2\/pages"}],"about":[{"href":"https:\/\/servifiadoresbogota.com\/index.php?rest_route=\/wp\/v2\/types\/page"}],"author":[{"embeddable":true,"href":"https:\/\/servifiadoresbogota.com\/index.php?rest_route=\/wp\/v2\/users\/1"}],"replies":[{"embeddable":true,"href":"https:\/\/servifiadoresbogota.com\/index.php?rest_route=%2Fwp%2Fv2%2Fcomments&post=6"}],"version-history":[{"count":126,"href":"https:\/\/servifiadoresbogota.com\/index.php?rest_route=\/wp\/v2\/pages\/6\/revisions"}],"predecessor-version":[{"id":612,"href":"https:\/\/servifiadoresbogota.com\/index.php?rest_route=\/wp\/v2\/pages\/6\/revisions\/612"}],"wp:attachment":[{"href":"https:\/\/servifiadoresbogota.com\/index.php?rest_route=%2Fwp%2Fv2%2Fmedia&parent=6"}],"curies":[{"name":"wp","href":"https:\/\/api.w.org\/{rel}","templated":true}]}}