{"id":76,"date":"2026-04-06T15:57:50","date_gmt":"2026-04-06T20:57:50","guid":{"rendered":"https:\/\/servifiadoresbogota.com\/?page_id=76"},"modified":"2026-04-17T17:03:45","modified_gmt":"2026-04-17T22:03:45","slug":"servicios","status":"publish","type":"page","link":"https:\/\/servifiadoresbogota.com\/?page_id=76","title":{"rendered":"Servicios"},"content":{"rendered":"\n<div class=\"wp-block-cover alignfull is-light has-parallax\" style=\"min-height:411px;aspect-ratio:unset;\"><div class=\"wp-block-cover__image-background wp-image-85 size-large has-parallax\" style=\"background-position:50% 50%;background-image:url(https:\/\/servifiadoresbogota.com\/wp-content\/uploads\/2026\/04\/cuales-son-las-consecuencias-de-comprar-un-fiador-con-finca-raiz-scaled-3-1024x683.jpg)\"><\/div><span aria-hidden=\"true\" class=\"wp-block-cover__background has-background-dim\" style=\"background-color:#b1a8a3\"><\/span><div class=\"wp-block-cover__inner-container is-layout-constrained wp-block-cover-is-layout-constrained\">\n<p class=\"has-text-align-center has-ast-global-color-4-color has-text-color has-link-color wp-elements-dca4ae882d967b3ac16551a9ef83bfe3\" style=\"font-size:60px\"><strong>Nuestros Servicios<\/strong><\/p>\n<\/div><\/div>\n\n\n\n<div class=\"wp-block-media-text alignfull is-stacked-on-mobile has-ast-global-color-1-background-color has-background\" style=\"margin-top:0;margin-bottom:0;padding-top:0;padding-right:var(--wp--preset--spacing--80);padding-bottom:0;padding-left:var(--wp--preset--spacing--80);grid-template-columns:25% auto\"><figure class=\"wp-block-media-text__media\"><img loading=\"lazy\" decoding=\"async\" width=\"1024\" height=\"526\" src=\"https:\/\/servifiadoresbogota.com\/wp-content\/uploads\/2026\/04\/96582951_m_normal_none-scaled-1-1024x526.jpg\" alt=\"\" class=\"wp-image-360 size-full\" srcset=\"https:\/\/servifiadoresbogota.com\/wp-content\/uploads\/2026\/04\/96582951_m_normal_none-scaled-1-1024x526.jpg 1024w, https:\/\/servifiadoresbogota.com\/wp-content\/uploads\/2026\/04\/96582951_m_normal_none-scaled-1-300x154.jpg 300w, https:\/\/servifiadoresbogota.com\/wp-content\/uploads\/2026\/04\/96582951_m_normal_none-scaled-1-768x394.jpg 768w, https:\/\/servifiadoresbogota.com\/wp-content\/uploads\/2026\/04\/96582951_m_normal_none-scaled-1-1536x788.jpg 1536w, https:\/\/servifiadoresbogota.com\/wp-content\/uploads\/2026\/04\/96582951_m_normal_none-scaled-1.jpg 2048w\" sizes=\"auto, (max-width: 1024px) 100vw, 1024px\" \/><\/figure><div class=\"wp-block-media-text__content\">\n<h2 class=\"wp-block-heading has-text-align-center has-white-color has-text-color has-link-color wp-elements-7e9d05cb0d57d0db05b0b8051374683d\"><strong>Fiadores y codeudores con finca ra\u00edz y respaldo econ\u00f3mico comprobable<\/strong><\/h2>\n\n\n\n<p class=\"has-text-align-center has-white-color has-text-color has-link-color wp-elements-d1a6b048583690f6a782572ddb5a5387\">Ideal para facilitar y agilizar la aprobaci\u00f3n de contratos de arrendamiento de inmuebles en Bogot\u00e1. Si necesitas fiador con finca ra\u00edz para arriendo o est\u00e1s buscando d\u00f3nde conseguir un fiador en Bogot\u00e1, en Servifiadores Bogot\u00e1 contamos con perfiles que cumplen con los requisitos exigidos por inmobiliarias y propietarios. Ofrecemos fiadores y codeudores solventes, brindando seguridad, confianza y respaldo financiero en cada proceso. Nuestro objetivo es ayudarte a concretar tu arriendo de manera r\u00e1pida y sin complicaciones, incluso si no cuentas con un respaldo propio, siendo una de las mejores empresas de fiadores y codeudores en Bogot\u00e1.<\/p>\n\n\n\n<p class=\"has-text-align-center has-white-color has-text-color has-link-color wp-elements-f168721f6d0cf65e01a5455cc5f67d8c\">El <strong>valor del servicio<\/strong> corresponde al <strong>25% del canon de arrendamiento mensual<\/strong> acordado entre las partes y estipulado en el contrato. Este pago se realiza en dos partes: el <strong>50% al momento de tomar el servicio<\/strong> y el <strong>50% restante cuando el contrato de arrendamiento es aprobado y se procede a la firma en notar\u00eda<\/strong> entre arrendador, arrendatario y fiador o codeudor.<\/p>\n<\/div><\/div>\n\n\n\n<div style=\"height:25px\" aria-hidden=\"true\" class=\"wp-block-spacer\"><\/div>\n\n\n\n<div class=\"wp-block-media-text alignfull has-media-on-the-right is-stacked-on-mobile\" style=\"padding-right:var(--wp--preset--spacing--80);padding-left:var(--wp--preset--spacing--80);grid-template-columns:auto 25%\"><div class=\"wp-block-media-text__content\">\n<h2 class=\"wp-block-heading alignfull has-text-align-center\"><strong>Fiadores y codeudores para cr\u00e9ditos de consumo y estudio<\/strong><\/h2>\n\n\n\n<p class=\"has-text-align-center\">Dise\u00f1ado para facilitar la aprobaci\u00f3n de tu solicitud financiera de manera r\u00e1pida, segura y confiable. Si necesitas un codeudor que demuestre ingresos o est\u00e1s buscando d\u00f3nde conseguir un fiador en Bogot\u00e1, en Servifiadores Bogot\u00e1 te ofrecemos soluciones efectivas con codeudores solventes que cumplen con los requisitos exigidos por entidades bancarias y financieras. Brindamos respaldo econ\u00f3mico real y acompa\u00f1amiento durante todo el proceso, ayud\u00e1ndote a acceder a cr\u00e9ditos de consumo o estudio, incluso si no cuentas con un respaldo propio. Somos una de las empresas de fiadores en Bogot\u00e1 que te garantiza un tr\u00e1mite \u00e1gil, legal y sin complicaciones.<\/p>\n<\/div><figure class=\"wp-block-media-text__media\"><img loading=\"lazy\" decoding=\"async\" width=\"1536\" height=\"745\" src=\"https:\/\/servifiadoresbogota.com\/wp-content\/uploads\/2026\/04\/front-view-arrangement-economy-elements-scaled-e1742243809965-1536x745-1.webp\" alt=\"\" class=\"wp-image-362 size-full\" srcset=\"https:\/\/servifiadoresbogota.com\/wp-content\/uploads\/2026\/04\/front-view-arrangement-economy-elements-scaled-e1742243809965-1536x745-1.webp 1536w, https:\/\/servifiadoresbogota.com\/wp-content\/uploads\/2026\/04\/front-view-arrangement-economy-elements-scaled-e1742243809965-1536x745-1-300x146.webp 300w, https:\/\/servifiadoresbogota.com\/wp-content\/uploads\/2026\/04\/front-view-arrangement-economy-elements-scaled-e1742243809965-1536x745-1-1024x497.webp 1024w, https:\/\/servifiadoresbogota.com\/wp-content\/uploads\/2026\/04\/front-view-arrangement-economy-elements-scaled-e1742243809965-1536x745-1-768x373.webp 768w\" sizes=\"auto, (max-width: 1536px) 100vw, 1536px\" \/><\/figure><\/div>\n\n\n\n<div style=\"height:25px\" aria-hidden=\"true\" class=\"wp-block-spacer\"><\/div>\n\n\n\n<div class=\"wp-block-media-text alignfull is-stacked-on-mobile has-ast-global-color-1-background-color has-background\" style=\"padding-right:var(--wp--preset--spacing--80);padding-left:var(--wp--preset--spacing--80);grid-template-columns:25% auto\"><figure class=\"wp-block-media-text__media\"><img loading=\"lazy\" decoding=\"async\" width=\"1024\" height=\"684\" src=\"https:\/\/servifiadoresbogota.com\/wp-content\/uploads\/2026\/04\/attorney-who-provides-consolation-solutions-to-his-clients-provide-legal-advice-and-a-serious-trust-1024x684.jpg\" alt=\"\" class=\"wp-image-568 size-full\" srcset=\"https:\/\/servifiadoresbogota.com\/wp-content\/uploads\/2026\/04\/attorney-who-provides-consolation-solutions-to-his-clients-provide-legal-advice-and-a-serious-trust-1024x684.jpg 1024w, https:\/\/servifiadoresbogota.com\/wp-content\/uploads\/2026\/04\/attorney-who-provides-consolation-solutions-to-his-clients-provide-legal-advice-and-a-serious-trust-300x200.jpg 300w, https:\/\/servifiadoresbogota.com\/wp-content\/uploads\/2026\/04\/attorney-who-provides-consolation-solutions-to-his-clients-provide-legal-advice-and-a-serious-trust-768x513.jpg 768w, https:\/\/servifiadoresbogota.com\/wp-content\/uploads\/2026\/04\/attorney-who-provides-consolation-solutions-to-his-clients-provide-legal-advice-and-a-serious-trust-1536x1025.jpg 1536w, https:\/\/servifiadoresbogota.com\/wp-content\/uploads\/2026\/04\/attorney-who-provides-consolation-solutions-to-his-clients-provide-legal-advice-and-a-serious-trust.jpg 2000w\" sizes=\"auto, (max-width: 1024px) 100vw, 1024px\" \/><\/figure><div class=\"wp-block-media-text__content\">\n<h2 class=\"wp-block-heading has-text-align-center has-white-color has-text-color has-link-color wp-elements-ebb970047af29798d0f518cda146c68e\"><strong>Asesor\u00edas jur\u00eddicas especializadas en derecho civil y comercial<\/strong><\/h2>\n\n\n\n<p class=\"has-text-align-center has-white-color has-text-color has-link-color wp-elements-86c5d8631a85032c91c7c761a014922c\">Orientadas a brindarte soluciones claras, seguras y efectivas para tus necesidades legales en Bogot\u00e1. En Servifiadores Bogot\u00e1 ofrecemos asesor\u00edas jur\u00eddicas en temas civiles y comerciales, especialmente relacionadas con contratos de arrendamiento, fiadores y codeudores. Si est\u00e1s buscando qui\u00e9n presta servicio de fiador para arriendo o necesitas orientaci\u00f3n sobre procesos legales, nuestro equipo te acompa\u00f1a en la resoluci\u00f3n de conflictos, elaboraci\u00f3n y revisi\u00f3n de contratos, obligaciones y cobros. Garantizamos un manejo profesional, confiable y con respaldo legal, ayud\u00e1ndote a proteger tus intereses y tomar decisiones informadas en cada proceso.<\/p>\n<\/div><\/div>\n\n\n\n<div style=\"height:25px\" aria-hidden=\"true\" class=\"wp-block-spacer\"><\/div>\n\n\n\n<div class=\"wp-block-media-text alignfull has-media-on-the-right is-stacked-on-mobile\" style=\"padding-right:var(--wp--preset--spacing--80);padding-left:var(--wp--preset--spacing--80);grid-template-columns:auto 25%\"><div class=\"wp-block-media-text__content\">\n<h2 class=\"wp-block-heading has-text-align-center\"><strong>Aval\u00faos en Bogot\u00e1 y municipios aleda\u00f1os<\/strong><\/h2>\n\n\n\n<p class=\"has-text-align-center\">Realizamos aval\u00faos de inmuebles en Bogot\u00e1 y municipios aleda\u00f1os con criterios t\u00e9cnicos y profesionales, garantizando un valor real, preciso y confiable de tu propiedad. Este servicio es ideal para procesos de compra, venta, arrendamiento o tr\u00e1mites legales y financieros, especialmente si est\u00e1s gestionando un arriendo y necesitas cumplir requisitos como fiador con finca ra\u00edz para arriendo o codeudor con respaldo econ\u00f3mico. En Servifiadores Bogot\u00e1 brindamos un respaldo s\u00f3lido y actualizado del mercado, trabajando con agilidad y transparencia para que tomes decisiones informadas y seguras en cada proceso inmobiliario.<br><\/p>\n<\/div><figure class=\"wp-block-media-text__media\"><img loading=\"lazy\" decoding=\"async\" width=\"1024\" height=\"683\" src=\"https:\/\/servifiadoresbogota.com\/wp-content\/uploads\/2026\/04\/4-tipos-de-avaluos-para-propiedades-1024x683.webp\" alt=\"\" class=\"wp-image-365 size-full\" srcset=\"https:\/\/servifiadoresbogota.com\/wp-content\/uploads\/2026\/04\/4-tipos-de-avaluos-para-propiedades-1024x683.webp 1024w, https:\/\/servifiadoresbogota.com\/wp-content\/uploads\/2026\/04\/4-tipos-de-avaluos-para-propiedades-300x200.webp 300w, https:\/\/servifiadoresbogota.com\/wp-content\/uploads\/2026\/04\/4-tipos-de-avaluos-para-propiedades-768x512.webp 768w, https:\/\/servifiadoresbogota.com\/wp-content\/uploads\/2026\/04\/4-tipos-de-avaluos-para-propiedades.webp 1254w\" sizes=\"auto, (max-width: 1024px) 100vw, 1024px\" \/><\/figure><\/div>\n\n\n\n<div style=\"height:25px\" aria-hidden=\"true\" class=\"wp-block-spacer\"><\/div>\n\n\n\n<div class=\"wp-block-media-text alignfull is-stacked-on-mobile has-white-color has-ast-global-color-1-background-color has-text-color has-background has-link-color wp-elements-734a58ba327d4cfc8b0a042e6d955d26\" style=\"padding-right:var(--wp--preset--spacing--80);padding-left:var(--wp--preset--spacing--80);grid-template-columns:25% auto\"><figure class=\"wp-block-media-text__media\"><img loading=\"lazy\" decoding=\"async\" width=\"1024\" height=\"683\" src=\"https:\/\/servifiadoresbogota.com\/wp-content\/uploads\/2026\/04\/seguro-de-arrendamiento-1024x683.webp\" alt=\"\" class=\"wp-image-570 size-full\" srcset=\"https:\/\/servifiadoresbogota.com\/wp-content\/uploads\/2026\/04\/seguro-de-arrendamiento-1024x683.webp 1024w, https:\/\/servifiadoresbogota.com\/wp-content\/uploads\/2026\/04\/seguro-de-arrendamiento-300x200.webp 300w, https:\/\/servifiadoresbogota.com\/wp-content\/uploads\/2026\/04\/seguro-de-arrendamiento-768x512.webp 768w, https:\/\/servifiadoresbogota.com\/wp-content\/uploads\/2026\/04\/seguro-de-arrendamiento.webp 1200w\" sizes=\"auto, (max-width: 1024px) 100vw, 1024px\" \/><\/figure><div class=\"wp-block-media-text__content\">\n<h2 class=\"wp-block-heading has-text-align-center has-white-color has-text-color has-link-color wp-elements-019ef5b02149e83533bf0a99bed9d530\"><strong>Asesor\u00eda especializada en contratos de arrendamiento<\/strong><\/h2>\n\n\n\n<p class=\"has-text-align-center\">Orientada a garantizar acuerdos claros, seguros y ajustados a la normativa vigente. Te acompa\u00f1amos en la elaboraci\u00f3n, revisi\u00f3n y negociaci\u00f3n de contratos, protegiendo tus intereses como arrendador o arrendatario y previniendo posibles conflictos futuros. Nuestro servicio te brinda respaldo legal y tranquilidad en cada etapa del proceso de arrendamiento.<\/p>\n<\/div><\/div>\n\n\n\n<div style=\"height:30px\" aria-hidden=\"true\" class=\"wp-block-spacer\"><\/div>\n\n\n\n<div class=\"wp-block-media-text alignfull has-media-on-the-right is-stacked-on-mobile\" style=\"padding-right:var(--wp--preset--spacing--80);padding-left:var(--wp--preset--spacing--80);grid-template-columns:auto 25%\"><div class=\"wp-block-media-text__content\">\n<h2 class=\"wp-block-heading alignfull has-text-align-center\"> <strong>Elaboraci\u00f3n de minutas<\/strong> <\/h2>\n\n\n\n<p class=\"has-text-align-center\"><br>Orientada a garantizar acuerdos claros, seguros y ajustados a la normativa vigente en contratos de arrendamiento en Bogot\u00e1. En Servifiadores Bogot\u00e1 te acompa\u00f1amos en la elaboraci\u00f3n, revisi\u00f3n y negociaci\u00f3n de contratos, especialmente cuando requieres fiador con finca ra\u00edz para arriendo o est\u00e1s buscando qui\u00e9n presta servicio de fiador para arriendo. Nuestro equipo protege tus intereses como arrendador o arrendatario, previniendo posibles conflictos futuros y asegurando el cumplimiento de los requisitos exigidos por inmobiliarias. Brindamos respaldo legal, confianza y acompa\u00f1amiento integral en cada etapa del proceso, facilitando un tr\u00e1mite \u00e1gil y seguro.<\/p>\n<\/div><figure class=\"wp-block-media-text__media\"><img loading=\"lazy\" decoding=\"async\" width=\"1024\" height=\"576\" src=\"https:\/\/servifiadoresbogota.com\/wp-content\/uploads\/2026\/04\/imagen-sercofi-blog-lima-peru-4-1-1-1024x576.webp\" alt=\"\" class=\"wp-image-368 size-full\" srcset=\"https:\/\/servifiadoresbogota.com\/wp-content\/uploads\/2026\/04\/imagen-sercofi-blog-lima-peru-4-1-1-1024x576.webp 1024w, https:\/\/servifiadoresbogota.com\/wp-content\/uploads\/2026\/04\/imagen-sercofi-blog-lima-peru-4-1-1-300x169.webp 300w, https:\/\/servifiadoresbogota.com\/wp-content\/uploads\/2026\/04\/imagen-sercofi-blog-lima-peru-4-1-1-768x432.webp 768w, https:\/\/servifiadoresbogota.com\/wp-content\/uploads\/2026\/04\/imagen-sercofi-blog-lima-peru-4-1-1-1536x864.webp 1536w, https:\/\/servifiadoresbogota.com\/wp-content\/uploads\/2026\/04\/imagen-sercofi-blog-lima-peru-4-1-1.webp 1920w\" sizes=\"auto, (max-width: 1024px) 100vw, 1024px\" \/><\/figure><\/div>\n\n\n\n<div style=\"height:25px\" aria-hidden=\"true\" class=\"wp-block-spacer\"><\/div>\n\n\n\n<div style=\"height:0px\" aria-hidden=\"true\" class=\"wp-block-spacer\"><\/div>\n\n\n\n<div class=\"wp-block-media-text alignfull is-stacked-on-mobile has-ast-global-color-1-background-color has-background\" style=\"padding-right:var(--wp--preset--spacing--80);padding-left:var(--wp--preset--spacing--80);grid-template-columns:25% auto\"><figure class=\"wp-block-media-text__media\"><img loading=\"lazy\" decoding=\"async\" width=\"1024\" height=\"576\" src=\"https:\/\/servifiadoresbogota.com\/wp-content\/uploads\/2026\/04\/7HFBSX6QQNDD5PBGIL7U5OBYCE-1024x576.avif\" alt=\"\" class=\"wp-image-390 size-full\" srcset=\"https:\/\/servifiadoresbogota.com\/wp-content\/uploads\/2026\/04\/7HFBSX6QQNDD5PBGIL7U5OBYCE-1024x576.avif 1024w, https:\/\/servifiadoresbogota.com\/wp-content\/uploads\/2026\/04\/7HFBSX6QQNDD5PBGIL7U5OBYCE-300x169.avif 300w, https:\/\/servifiadoresbogota.com\/wp-content\/uploads\/2026\/04\/7HFBSX6QQNDD5PBGIL7U5OBYCE-768x432.avif 768w, https:\/\/servifiadoresbogota.com\/wp-content\/uploads\/2026\/04\/7HFBSX6QQNDD5PBGIL7U5OBYCE.avif 1280w\" sizes=\"auto, (max-width: 1024px) 100vw, 1024px\" \/><\/figure><div class=\"wp-block-media-text__content\">\n<h2 class=\"wp-block-heading has-text-align-center has-ast-global-color-4-color has-text-color has-link-color wp-elements-17f491dc9da4a14054ff1e43193b8e29\"><strong>Gestionar los requisitos necesarios para el retiro de cesant\u00edas en fondos privados y Caja de Honor<\/strong><\/h2>\n\n\n\n<p class=\"has-text-align-center has-white-color has-text-color has-link-color wp-elements-aa2c97a403dc453430f10ff1e07655f6\">Aseguramos que tu solicitud sea aprobada sin contratiempos, brind\u00e1ndote acompa\u00f1amiento profesional en todo el proceso de retiro de cesant\u00edas en Bogot\u00e1. Si necesitas cumplir requisitos como codeudor que demuestre ingresos o est\u00e1s en la b\u00fasqueda de fiadores y codeudores en Bogot\u00e1, en Servifiadores Bogot\u00e1 te orientamos en los casos permitidos como compra de vivienda, mejoras, pago de cr\u00e9ditos hipotecarios o educaci\u00f3n. Nos encargamos de la correcta elaboraci\u00f3n de documentos como cartas laborales, certificaciones, promesas de compraventa o contratos requeridos, revisando cada detalle para evitar errores, devoluciones o retrasos. Ofrecemos un servicio \u00e1gil, claro y confiable, enfocado en facilitar tus tr\u00e1mites con respaldo legal.<\/p>\n<\/div><\/div>\n\n\n\n<div style=\"height:30px\" aria-hidden=\"true\" class=\"wp-block-spacer\"><\/div>\n\n\n\n<p><\/p>\n","protected":false},"excerpt":{"rendered":"<p>Fiadores y codeudores con finca ra\u00edz y respaldo econ\u00f3mico comprobable Ideal para facilitar y agilizar la aprobaci\u00f3n de contratos de [&hellip;]<\/p>\n","protected":false},"author":1,"featured_media":0,"parent":0,"menu_order":2,"comment_status":"closed","ping_status":"closed","template":"","meta":{"site-sidebar-layout":"default","site-content-layout":"","ast-site-content-layout":"default","site-content-style":"default","site-sidebar-style":"default","ast-global-header-display":"","ast-banner-title-visibility":"","ast-main-header-display":"","ast-hfb-above-header-display":"","ast-hfb-below-header-display":"","ast-hfb-mobile-header-display":"","site-post-title":"disabled","ast-breadcrumbs-content":"","ast-featured-img":"","footer-sml-layout":"","ast-disable-related-posts":"","theme-transparent-header-meta":"","adv-header-id-meta":"","stick-header-meta":"","header-above-stick-meta":"","header-main-stick-meta":"","header-below-stick-meta":"","astra-migrate-meta-layouts":"default","ast-page-background-enabled":"default","ast-page-background-meta":{"desktop":{"background-color":"var(--ast-global-color-5)","background-image":"","background-repeat":"repeat","background-position":"center center","background-size":"auto","background-attachment":"scroll","background-type":"","background-media":"","overlay-type":"","overlay-color":"","overlay-opacity":"","overlay-gradient":""},"tablet":{"background-color":"","background-image":"","background-repeat":"repeat","background-position":"center center","background-size":"auto","background-attachment":"scroll","background-type":"","background-media":"","overlay-type":"","overlay-color":"","overlay-opacity":"","overlay-gradient":""},"mobile":{"background-color":"","background-image":"","background-repeat":"repeat","background-position":"center center","background-size":"auto","background-attachment":"scroll","background-type":"","background-media":"","overlay-type":"","overlay-color":"","overlay-opacity":"","overlay-gradient":""}},"ast-content-background-meta":{"desktop":{"background-color":"var(--ast-global-color-4)","background-image":"","background-repeat":"repeat","background-position":"center center","background-size":"auto","background-attachment":"scroll","background-type":"","background-media":"","overlay-type":"","overlay-color":"","overlay-opacity":"","overlay-gradient":""},"tablet":{"background-color":"var(--ast-global-color-4)","background-image":"","background-repeat":"repeat","background-position":"center center","background-size":"auto","background-attachment":"scroll","background-type":"","background-media":"","overlay-type":"","overlay-color":"","overlay-opacity":"","overlay-gradient":""},"mobile":{"background-color":"var(--ast-global-color-4)","background-image":"","background-repeat":"repeat","background-position":"center center","background-size":"auto","background-attachment":"scroll","background-type":"","background-media":"","overlay-type":"","overlay-color":"","overlay-opacity":"","overlay-gradient":""}},"footnotes":""},"class_list":["post-76","page","type-page","status-publish","hentry"],"_links":{"self":[{"href":"https:\/\/servifiadoresbogota.com\/index.php?rest_route=\/wp\/v2\/pages\/76","targetHints":{"allow":["GET"]}}],"collection":[{"href":"https:\/\/servifiadoresbogota.com\/index.php?rest_route=\/wp\/v2\/pages"}],"about":[{"href":"https:\/\/servifiadoresbogota.com\/index.php?rest_route=\/wp\/v2\/types\/page"}],"author":[{"embeddable":true,"href":"https:\/\/servifiadoresbogota.com\/index.php?rest_route=\/wp\/v2\/users\/1"}],"replies":[{"embeddable":true,"href":"https:\/\/servifiadoresbogota.com\/index.php?rest_route=%2Fwp%2Fv2%2Fcomments&post=76"}],"version-history":[{"count":54,"href":"https:\/\/servifiadoresbogota.com\/index.php?rest_route=\/wp\/v2\/pages\/76\/revisions"}],"predecessor-version":[{"id":581,"href":"https:\/\/servifiadoresbogota.com\/index.php?rest_route=\/wp\/v2\/pages\/76\/revisions\/581"}],"wp:attachment":[{"href":"https:\/\/servifiadoresbogota.com\/index.php?rest_route=%2Fwp%2Fv2%2Fmedia&parent=76"}],"curies":[{"name":"wp","href":"https:\/\/api.w.org\/{rel}","templated":true}]}}